{"id":78,"date":"2015-01-25T20:21:49","date_gmt":"2015-01-25T20:21:49","guid":{"rendered":"http:\/\/127.0.0.1\/wp_00\/?page_id=78"},"modified":"2026-03-09T20:24:57","modified_gmt":"2026-03-09T20:24:57","slug":"galeria","status":"publish","type":"page","link":"https:\/\/hashtagproducciones.com.ve\/web\/galeria\/","title":{"rendered":"Galer\u00eda"},"content":{"rendered":"<div id=\"pl-78\"  class=\"panel-layout\" ><div id=\"pg-78-0\"  class=\"panel-grid panel-no-style\" ><div id=\"pgc-78-0-0\"  class=\"panel-grid-cell\" ><div id=\"panel-78-0-0-0\" class=\"so-panel widget widget_sow-image panel-first-child panel-last-child\" data-index=\"0\" ><div class=\"panel-widget-style panel-widget-style-for-78-0-0-0\" ><div\n\t\t\t\n\t\t\tclass=\"so-widget-sow-image so-widget-sow-image-default-3a2476c0e107-78\"\n\t\t\t\n\t\t>\n<div class=\"sow-image-container\">\n\t\t\t<a href=\"https:\/\/drive.google.com\/drive\/folders\/1gKw9zVhK7iMbVVhoatbAf8Zw6p-nPmf0?usp=drive_link\"\n\t\t\ttarget=\"_blank\" rel=\"noopener noreferrer\" \t\t>\n\t\t\t<img \n\tsrc=\"https:\/\/hashtagproducciones.com.ve\/web\/wp-content\/uploads\/2026\/03\/01-Boton-Barbara-Cesar.png\" width=\"1080\" height=\"1080\" srcset=\"https:\/\/hashtagproducciones.com.ve\/web\/wp-content\/uploads\/2026\/03\/01-Boton-Barbara-Cesar.png 1080w, https:\/\/hashtagproducciones.com.ve\/web\/wp-content\/uploads\/2026\/03\/01-Boton-Barbara-Cesar-300x300.png 300w, https:\/\/hashtagproducciones.com.ve\/web\/wp-content\/uploads\/2026\/03\/01-Boton-Barbara-Cesar-1024x1024.png 1024w, https:\/\/hashtagproducciones.com.ve\/web\/wp-content\/uploads\/2026\/03\/01-Boton-Barbara-Cesar-150x150.png 150w, https:\/\/hashtagproducciones.com.ve\/web\/wp-content\/uploads\/2026\/03\/01-Boton-Barbara-Cesar-768x768.png 768w\" sizes=\"(max-width: 1080px) 100vw, 1080px\" title=\"Boda B\u00e1rbara &amp; C\u00e9sar\" alt=\"\" \t\tclass=\"so-widget-image\"\/>\n\t\t\t<\/a><\/div>\n\n<h3 class=\"widget-title\">\t\t<a href=\"https:\/\/drive.google.com\/drive\/folders\/1gKw9zVhK7iMbVVhoatbAf8Zw6p-nPmf0?usp=drive_link\"\n\t\t\ttarget=\"_blank\" rel=\"noopener noreferrer\" \t\t>\n\t\tBoda B\u00e1rbara &amp; C\u00e9sar<\/a><\/h3><\/div><\/div><\/div><\/div><div id=\"pgc-78-0-1\"  class=\"panel-grid-cell\" ><div id=\"panel-78-0-1-0\" class=\"so-panel widget widget_sow-image panel-first-child panel-last-child\" data-index=\"1\" ><div class=\"panel-widget-style panel-widget-style-for-78-0-1-0\" ><div\n\t\t\t\n\t\t\tclass=\"so-widget-sow-image so-widget-sow-image-default-3a2476c0e107-78\"\n\t\t\t\n\t\t>\n<div class=\"sow-image-container\">\n\t\t\t<a href=\"https:\/\/drive.google.com\/drive\/folders\/1cRFrWOmYkDA4qIOsVwFZ7okn51rCZ9XM?usp=sharing\"\n\t\t\ttarget=\"_blank\" rel=\"noopener noreferrer\" \t\t>\n\t\t\t<img \n\tsrc=\"https:\/\/hashtagproducciones.com.ve\/web\/wp-content\/uploads\/2026\/03\/01-Boton-Mis-15-Victoria.png\" width=\"1080\" height=\"1080\" srcset=\"https:\/\/hashtagproducciones.com.ve\/web\/wp-content\/uploads\/2026\/03\/01-Boton-Mis-15-Victoria.png 1080w, https:\/\/hashtagproducciones.com.ve\/web\/wp-content\/uploads\/2026\/03\/01-Boton-Mis-15-Victoria-300x300.png 300w, https:\/\/hashtagproducciones.com.ve\/web\/wp-content\/uploads\/2026\/03\/01-Boton-Mis-15-Victoria-1024x1024.png 1024w, https:\/\/hashtagproducciones.com.ve\/web\/wp-content\/uploads\/2026\/03\/01-Boton-Mis-15-Victoria-150x150.png 150w, https:\/\/hashtagproducciones.com.ve\/web\/wp-content\/uploads\/2026\/03\/01-Boton-Mis-15-Victoria-768x768.png 768w\" sizes=\"(max-width: 1080px) 100vw, 1080px\" title=\"Mis 15 Victoria\" alt=\"\" \t\tclass=\"so-widget-image\"\/>\n\t\t\t<\/a><\/div>\n\n<h3 class=\"widget-title\">\t\t<a href=\"https:\/\/drive.google.com\/drive\/folders\/1cRFrWOmYkDA4qIOsVwFZ7okn51rCZ9XM?usp=sharing\"\n\t\t\ttarget=\"_blank\" rel=\"noopener noreferrer\" \t\t>\n\t\tMis 15 Victoria<\/a><\/h3><\/div><\/div><\/div><\/div><div id=\"pgc-78-0-2\"  class=\"panel-grid-cell\" ><div id=\"panel-78-0-2-0\" class=\"so-panel widget widget_sow-image panel-first-child panel-last-child\" data-index=\"2\" ><div class=\"panel-widget-style panel-widget-style-for-78-0-2-0\" ><div\n\t\t\t\n\t\t\tclass=\"so-widget-sow-image so-widget-sow-image-default-3a2476c0e107-78\"\n\t\t\t\n\t\t>\n<div class=\"sow-image-container\">\n\t\t\t<a href=\"https:\/\/www.facebook.com\/media\/set\/?set=a.1334974191984288&#038;type=3\"\n\t\t\ttarget=\"_blank\" rel=\"noopener noreferrer\" \t\t>\n\t\t\t<img \n\tsrc=\"https:\/\/hashtagproducciones.com.ve\/web\/wp-content\/uploads\/2026\/03\/01-Boton-Valeria-XV.png\" width=\"1080\" height=\"1080\" srcset=\"https:\/\/hashtagproducciones.com.ve\/web\/wp-content\/uploads\/2026\/03\/01-Boton-Valeria-XV.png 1080w, https:\/\/hashtagproducciones.com.ve\/web\/wp-content\/uploads\/2026\/03\/01-Boton-Valeria-XV-300x300.png 300w, https:\/\/hashtagproducciones.com.ve\/web\/wp-content\/uploads\/2026\/03\/01-Boton-Valeria-XV-1024x1024.png 1024w, https:\/\/hashtagproducciones.com.ve\/web\/wp-content\/uploads\/2026\/03\/01-Boton-Valeria-XV-150x150.png 150w, https:\/\/hashtagproducciones.com.ve\/web\/wp-content\/uploads\/2026\/03\/01-Boton-Valeria-XV-768x768.png 768w\" sizes=\"(max-width: 1080px) 100vw, 1080px\" title=\"Los XV de Valeria\" alt=\"\" \t\tclass=\"so-widget-image\"\/>\n\t\t\t<\/a><\/div>\n\n<h3 class=\"widget-title\">\t\t<a href=\"https:\/\/www.facebook.com\/media\/set\/?set=a.1334974191984288&#038;type=3\"\n\t\t\ttarget=\"_blank\" rel=\"noopener noreferrer\" \t\t>\n\t\tLos XV de Valeria<\/a><\/h3><\/div><\/div><\/div><\/div><div id=\"pgc-78-0-3\"  class=\"panel-grid-cell\" ><div id=\"panel-78-0-3-0\" class=\"so-panel widget widget_sow-image panel-first-child panel-last-child\" data-index=\"3\" ><div class=\"panel-widget-style panel-widget-style-for-78-0-3-0\" ><div\n\t\t\t\n\t\t\tclass=\"so-widget-sow-image so-widget-sow-image-default-3a2476c0e107-78\"\n\t\t\t\n\t\t>\n<div class=\"sow-image-container\">\n\t\t\t<a href=\"https:\/\/www.facebook.com\/media\/set\/?set=a.1326437839504590&#038;type=3\"\n\t\t\ttarget=\"_blank\" rel=\"noopener noreferrer\" \t\t>\n\t\t\t<img \n\tsrc=\"https:\/\/hashtagproducciones.com.ve\/web\/wp-content\/uploads\/2026\/02\/01-Boton-Ana\u00b4s-15.png\" width=\"1080\" height=\"1080\" srcset=\"https:\/\/hashtagproducciones.com.ve\/web\/wp-content\/uploads\/2026\/02\/01-Boton-Ana\u00b4s-15.png 1080w, https:\/\/hashtagproducciones.com.ve\/web\/wp-content\/uploads\/2026\/02\/01-Boton-Ana\u00b4s-15-300x300.png 300w, https:\/\/hashtagproducciones.com.ve\/web\/wp-content\/uploads\/2026\/02\/01-Boton-Ana\u00b4s-15-1024x1024.png 1024w, https:\/\/hashtagproducciones.com.ve\/web\/wp-content\/uploads\/2026\/02\/01-Boton-Ana\u00b4s-15-150x150.png 150w, https:\/\/hashtagproducciones.com.ve\/web\/wp-content\/uploads\/2026\/02\/01-Boton-Ana\u00b4s-15-768x768.png 768w\" sizes=\"(max-width: 1080px) 100vw, 1080px\" title=\"Ana\u00b4s 15\" alt=\"\" \t\tclass=\"so-widget-image\"\/>\n\t\t\t<\/a><\/div>\n\n<h3 class=\"widget-title\">\t\t<a href=\"https:\/\/www.facebook.com\/media\/set\/?set=a.1326437839504590&#038;type=3\"\n\t\t\ttarget=\"_blank\" rel=\"noopener noreferrer\" \t\t>\n\t\tAna\u00b4s 15<\/a><\/h3><\/div><\/div><\/div><\/div><\/div><div id=\"pg-78-1\"  class=\"panel-grid panel-no-style\" ><div id=\"pgc-78-1-0\"  class=\"panel-grid-cell\" ><div id=\"panel-78-1-0-0\" class=\"so-panel widget widget_sow-image panel-first-child panel-last-child\" data-index=\"4\" ><div class=\"panel-widget-style panel-widget-style-for-78-1-0-0\" ><div\n\t\t\t\n\t\t\tclass=\"so-widget-sow-image so-widget-sow-image-default-3a2476c0e107-78\"\n\t\t\t\n\t\t>\n<div class=\"sow-image-container\">\n\t\t\t<a href=\"https:\/\/www.facebook.com\/media\/set\/?set=a.1326410449507329&#038;type=3\"\n\t\t\ttarget=\"_blank\" rel=\"noopener noreferrer\" \t\t>\n\t\t\t<img \n\tsrc=\"https:\/\/hashtagproducciones.com.ve\/web\/wp-content\/uploads\/2026\/02\/01-Boton-Emily-15.png\" width=\"1080\" height=\"1080\" srcset=\"https:\/\/hashtagproducciones.com.ve\/web\/wp-content\/uploads\/2026\/02\/01-Boton-Emily-15.png 1080w, https:\/\/hashtagproducciones.com.ve\/web\/wp-content\/uploads\/2026\/02\/01-Boton-Emily-15-300x300.png 300w, https:\/\/hashtagproducciones.com.ve\/web\/wp-content\/uploads\/2026\/02\/01-Boton-Emily-15-1024x1024.png 1024w, https:\/\/hashtagproducciones.com.ve\/web\/wp-content\/uploads\/2026\/02\/01-Boton-Emily-15-150x150.png 150w, https:\/\/hashtagproducciones.com.ve\/web\/wp-content\/uploads\/2026\/02\/01-Boton-Emily-15-768x768.png 768w\" sizes=\"(max-width: 1080px) 100vw, 1080px\" title=\"Emily 15\" alt=\"\" \t\tclass=\"so-widget-image\"\/>\n\t\t\t<\/a><\/div>\n\n<h3 class=\"widget-title\">\t\t<a href=\"https:\/\/www.facebook.com\/media\/set\/?set=a.1326410449507329&#038;type=3\"\n\t\t\ttarget=\"_blank\" rel=\"noopener noreferrer\" \t\t>\n\t\tEmily 15<\/a><\/h3><\/div><\/div><\/div><\/div><div id=\"pgc-78-1-1\"  class=\"panel-grid-cell\" ><div id=\"panel-78-1-1-0\" class=\"so-panel widget widget_sow-image panel-first-child panel-last-child\" data-index=\"5\" ><div class=\"panel-widget-style panel-widget-style-for-78-1-1-0\" ><div\n\t\t\t\n\t\t\tclass=\"so-widget-sow-image so-widget-sow-image-default-3a2476c0e107-78\"\n\t\t\t\n\t\t>\n<div class=\"sow-image-container\">\n\t\t\t<a href=\"https:\/\/www.facebook.com\/media\/set\/?set=a.1322122586602782&#038;type=3\"\n\t\t\ttarget=\"_blank\" rel=\"noopener noreferrer\" \t\t>\n\t\t\t<img \n\tsrc=\"https:\/\/hashtagproducciones.com.ve\/web\/wp-content\/uploads\/2026\/02\/01-Boton-Jade.png\" width=\"1080\" height=\"1080\" srcset=\"https:\/\/hashtagproducciones.com.ve\/web\/wp-content\/uploads\/2026\/02\/01-Boton-Jade.png 1080w, https:\/\/hashtagproducciones.com.ve\/web\/wp-content\/uploads\/2026\/02\/01-Boton-Jade-300x300.png 300w, https:\/\/hashtagproducciones.com.ve\/web\/wp-content\/uploads\/2026\/02\/01-Boton-Jade-1024x1024.png 1024w, https:\/\/hashtagproducciones.com.ve\/web\/wp-content\/uploads\/2026\/02\/01-Boton-Jade-150x150.png 150w, https:\/\/hashtagproducciones.com.ve\/web\/wp-content\/uploads\/2026\/02\/01-Boton-Jade-768x768.png 768w\" sizes=\"(max-width: 1080px) 100vw, 1080px\" title=\"Mis XV A\u00f1os Jade Victoria\" alt=\"\" \t\tclass=\"so-widget-image\"\/>\n\t\t\t<\/a><\/div>\n\n<h3 class=\"widget-title\">\t\t<a href=\"https:\/\/www.facebook.com\/media\/set\/?set=a.1322122586602782&#038;type=3\"\n\t\t\ttarget=\"_blank\" rel=\"noopener noreferrer\" \t\t>\n\t\tMis XV A\u00f1os Jade Victoria<\/a><\/h3><\/div><\/div><\/div><\/div><div id=\"pgc-78-1-2\"  class=\"panel-grid-cell\" ><div id=\"panel-78-1-2-0\" class=\"so-panel widget widget_sow-image panel-first-child panel-last-child\" data-index=\"6\" ><div class=\"panel-widget-style panel-widget-style-for-78-1-2-0\" ><div\n\t\t\t\n\t\t\tclass=\"so-widget-sow-image so-widget-sow-image-default-3a2476c0e107-78\"\n\t\t\t\n\t\t>\n<div class=\"sow-image-container\">\n\t\t\t<a href=\"https:\/\/www.facebook.com\/media\/set\/?set=a.1321428570005517&#038;type=3\"\n\t\t\ttarget=\"_blank\" rel=\"noopener noreferrer\" \t\t>\n\t\t\t<img \n\tsrc=\"https:\/\/hashtagproducciones.com.ve\/web\/wp-content\/uploads\/2026\/02\/01-Boton-Viva-Supercentro.png\" width=\"1080\" height=\"1080\" srcset=\"https:\/\/hashtagproducciones.com.ve\/web\/wp-content\/uploads\/2026\/02\/01-Boton-Viva-Supercentro.png 1080w, https:\/\/hashtagproducciones.com.ve\/web\/wp-content\/uploads\/2026\/02\/01-Boton-Viva-Supercentro-300x300.png 300w, https:\/\/hashtagproducciones.com.ve\/web\/wp-content\/uploads\/2026\/02\/01-Boton-Viva-Supercentro-1024x1024.png 1024w, https:\/\/hashtagproducciones.com.ve\/web\/wp-content\/uploads\/2026\/02\/01-Boton-Viva-Supercentro-150x150.png 150w, https:\/\/hashtagproducciones.com.ve\/web\/wp-content\/uploads\/2026\/02\/01-Boton-Viva-Supercentro-768x768.png 768w\" sizes=\"(max-width: 1080px) 100vw, 1080px\" title=\"Vive el Amor en Viva\" alt=\"\" \t\tclass=\"so-widget-image\"\/>\n\t\t\t<\/a><\/div>\n\n<h3 class=\"widget-title\">\t\t<a href=\"https:\/\/www.facebook.com\/media\/set\/?set=a.1321428570005517&#038;type=3\"\n\t\t\ttarget=\"_blank\" rel=\"noopener noreferrer\" \t\t>\n\t\tVive el Amor en Viva<\/a><\/h3><\/div><\/div><\/div><\/div><div id=\"pgc-78-1-3\"  class=\"panel-grid-cell\" ><div id=\"panel-78-1-3-0\" class=\"so-panel widget widget_sow-image panel-first-child panel-last-child\" data-index=\"7\" ><div class=\"panel-widget-style panel-widget-style-for-78-1-3-0\" ><div\n\t\t\t\n\t\t\tclass=\"so-widget-sow-image so-widget-sow-image-default-3a2476c0e107-78\"\n\t\t\t\n\t\t>\n<div class=\"sow-image-container\">\n\t\t\t<a href=\"https:\/\/www.facebook.com\/media\/set\/?set=a.1321422730006101&#038;type=3\"\n\t\t\ttarget=\"_blank\" rel=\"noopener noreferrer\" \t\t>\n\t\t\t<img \n\tsrc=\"https:\/\/hashtagproducciones.com.ve\/web\/wp-content\/uploads\/2026\/02\/01-Boton-Victoria.png\" width=\"1080\" height=\"1080\" srcset=\"https:\/\/hashtagproducciones.com.ve\/web\/wp-content\/uploads\/2026\/02\/01-Boton-Victoria.png 1080w, https:\/\/hashtagproducciones.com.ve\/web\/wp-content\/uploads\/2026\/02\/01-Boton-Victoria-300x300.png 300w, https:\/\/hashtagproducciones.com.ve\/web\/wp-content\/uploads\/2026\/02\/01-Boton-Victoria-1024x1024.png 1024w, https:\/\/hashtagproducciones.com.ve\/web\/wp-content\/uploads\/2026\/02\/01-Boton-Victoria-150x150.png 150w, https:\/\/hashtagproducciones.com.ve\/web\/wp-content\/uploads\/2026\/02\/01-Boton-Victoria-768x768.png 768w\" sizes=\"(max-width: 1080px) 100vw, 1080px\" title=\"Los 15 a\u00f1os de Victoria\" alt=\"\" \t\tclass=\"so-widget-image\"\/>\n\t\t\t<\/a><\/div>\n\n<h3 class=\"widget-title\">\t\t<a href=\"https:\/\/www.facebook.com\/media\/set\/?set=a.1321422730006101&#038;type=3\"\n\t\t\ttarget=\"_blank\" rel=\"noopener noreferrer\" \t\t>\n\t\tLos 15 a\u00f1os de Victoria<\/a><\/h3><\/div><\/div><\/div><\/div><\/div><div id=\"pg-78-2\"  class=\"panel-grid panel-no-style\" ><div id=\"pgc-78-2-0\"  class=\"panel-grid-cell\" ><div id=\"panel-78-2-0-0\" class=\"so-panel widget widget_sow-image panel-first-child panel-last-child\" data-index=\"8\" ><div class=\"panel-widget-style panel-widget-style-for-78-2-0-0\" ><div\n\t\t\t\n\t\t\tclass=\"so-widget-sow-image so-widget-sow-image-default-3a2476c0e107-78\"\n\t\t\t\n\t\t>\n<div class=\"sow-image-container\">\n\t\t\t<a href=\"https:\/\/www.facebook.com\/media\/set\/?set=a.1309233894558318&#038;type=3\"\n\t\t\ttarget=\"_blank\" rel=\"noopener noreferrer\" \t\t>\n\t\t\t<img \n\tsrc=\"https:\/\/hashtagproducciones.com.ve\/web\/wp-content\/uploads\/2026\/02\/01-Boton-Frayer.png\" width=\"1080\" height=\"1080\" srcset=\"https:\/\/hashtagproducciones.com.ve\/web\/wp-content\/uploads\/2026\/02\/01-Boton-Frayer.png 1080w, https:\/\/hashtagproducciones.com.ve\/web\/wp-content\/uploads\/2026\/02\/01-Boton-Frayer-300x300.png 300w, https:\/\/hashtagproducciones.com.ve\/web\/wp-content\/uploads\/2026\/02\/01-Boton-Frayer-1024x1024.png 1024w, https:\/\/hashtagproducciones.com.ve\/web\/wp-content\/uploads\/2026\/02\/01-Boton-Frayer-150x150.png 150w, https:\/\/hashtagproducciones.com.ve\/web\/wp-content\/uploads\/2026\/02\/01-Boton-Frayer-768x768.png 768w\" sizes=\"(max-width: 1080px) 100vw, 1080px\" title=\"50 a\u00f1os Frayer\" alt=\"\" \t\tclass=\"so-widget-image\"\/>\n\t\t\t<\/a><\/div>\n\n<h3 class=\"widget-title\">\t\t<a href=\"https:\/\/www.facebook.com\/media\/set\/?set=a.1309233894558318&#038;type=3\"\n\t\t\ttarget=\"_blank\" rel=\"noopener noreferrer\" \t\t>\n\t\t50 a\u00f1os Frayer<\/a><\/h3><\/div><\/div><\/div><\/div><div id=\"pgc-78-2-1\"  class=\"panel-grid-cell\" ><div id=\"panel-78-2-1-0\" class=\"so-panel widget widget_sow-image panel-first-child panel-last-child\" data-index=\"9\" ><div class=\"panel-widget-style panel-widget-style-for-78-2-1-0\" ><div\n\t\t\t\n\t\t\tclass=\"so-widget-sow-image so-widget-sow-image-default-3a2476c0e107-78\"\n\t\t\t\n\t\t>\n<div class=\"sow-image-container\">\n\t\t\t<a href=\"https:\/\/www.facebook.com\/media\/set\/?set=a.1296512385830469&#038;type=3\"\n\t\t\ttarget=\"_blank\" rel=\"noopener noreferrer\" \t\t>\n\t\t\t<img \n\tsrc=\"https:\/\/hashtagproducciones.com.ve\/web\/wp-content\/uploads\/2026\/01\/01-Boton-Mis-15-Samantha.png\" width=\"1080\" height=\"1080\" srcset=\"https:\/\/hashtagproducciones.com.ve\/web\/wp-content\/uploads\/2026\/01\/01-Boton-Mis-15-Samantha.png 1080w, https:\/\/hashtagproducciones.com.ve\/web\/wp-content\/uploads\/2026\/01\/01-Boton-Mis-15-Samantha-300x300.png 300w, https:\/\/hashtagproducciones.com.ve\/web\/wp-content\/uploads\/2026\/01\/01-Boton-Mis-15-Samantha-1024x1024.png 1024w, https:\/\/hashtagproducciones.com.ve\/web\/wp-content\/uploads\/2026\/01\/01-Boton-Mis-15-Samantha-150x150.png 150w, https:\/\/hashtagproducciones.com.ve\/web\/wp-content\/uploads\/2026\/01\/01-Boton-Mis-15-Samantha-768x768.png 768w\" sizes=\"(max-width: 1080px) 100vw, 1080px\" title=\"Mis 15 a\u00f1os Samantha\" alt=\"\" \t\tclass=\"so-widget-image\"\/>\n\t\t\t<\/a><\/div>\n\n<h3 class=\"widget-title\">\t\t<a href=\"https:\/\/www.facebook.com\/media\/set\/?set=a.1296512385830469&#038;type=3\"\n\t\t\ttarget=\"_blank\" rel=\"noopener noreferrer\" \t\t>\n\t\tMis 15 a\u00f1os Samantha<\/a><\/h3><\/div><\/div><\/div><\/div><div id=\"pgc-78-2-2\"  class=\"panel-grid-cell\" ><div id=\"panel-78-2-2-0\" class=\"so-panel widget widget_sow-image panel-first-child panel-last-child\" data-index=\"10\" ><div class=\"panel-widget-style panel-widget-style-for-78-2-2-0\" ><div\n\t\t\t\n\t\t\tclass=\"so-widget-sow-image so-widget-sow-image-default-46c7616ffdb5-78\"\n\t\t\t\n\t\t>\n<div class=\"sow-image-container\">\n\t\t\t<a href=\"https:\/\/www.facebook.com\/media\/set\/?set=a.1296500222498352&#038;type=3\"\n\t\t\ttarget=\"_blank\" rel=\"noopener noreferrer\" \t\t>\n\t\t\t<img \n\tsrc=\"https:\/\/hashtagproducciones.com.ve\/web\/wp-content\/uploads\/2026\/01\/01-Boton-Barbara.png\" width=\"1080\" height=\"1080\" srcset=\"https:\/\/hashtagproducciones.com.ve\/web\/wp-content\/uploads\/2026\/01\/01-Boton-Barbara.png 1080w, https:\/\/hashtagproducciones.com.ve\/web\/wp-content\/uploads\/2026\/01\/01-Boton-Barbara-300x300.png 300w, https:\/\/hashtagproducciones.com.ve\/web\/wp-content\/uploads\/2026\/01\/01-Boton-Barbara-1024x1024.png 1024w, https:\/\/hashtagproducciones.com.ve\/web\/wp-content\/uploads\/2026\/01\/01-Boton-Barbara-150x150.png 150w, https:\/\/hashtagproducciones.com.ve\/web\/wp-content\/uploads\/2026\/01\/01-Boton-Barbara-768x768.png 768w\" sizes=\"(max-width: 1080px) 100vw, 1080px\" title=\"Birthday Party B\u00e1rbara\" alt=\"\" \t\tclass=\"so-widget-image\"\/>\n\t\t\t<\/a><\/div>\n\n<h3 class=\"widget-title\">\t\t<a href=\"https:\/\/www.facebook.com\/media\/set\/?set=a.1296500222498352&#038;type=3\"\n\t\t\ttarget=\"_blank\" rel=\"noopener noreferrer\" \t\t>\n\t\tBirthday Party B\u00e1rbara<\/a><\/h3><\/div><\/div><\/div><\/div><div id=\"pgc-78-2-3\"  class=\"panel-grid-cell\" ><div id=\"panel-78-2-3-0\" class=\"so-panel widget widget_sow-image panel-first-child panel-last-child\" data-index=\"11\" ><div class=\"panel-widget-style panel-widget-style-for-78-2-3-0\" ><div\n\t\t\t\n\t\t\tclass=\"so-widget-sow-image so-widget-sow-image-default-3a2476c0e107-78\"\n\t\t\t\n\t\t>\n<div class=\"sow-image-container\">\n\t\t\t<a href=\"https:\/\/www.facebook.com\/media\/set\/?set=a.1261165919365116&#038;type=3\"\n\t\t\ttarget=\"_blank\" rel=\"noopener noreferrer\" \t\t>\n\t\t\t<img \n\tsrc=\"https:\/\/hashtagproducciones.com.ve\/web\/wp-content\/uploads\/2025\/12\/01-Boton-Motogo.png\" width=\"1080\" height=\"1080\" srcset=\"https:\/\/hashtagproducciones.com.ve\/web\/wp-content\/uploads\/2025\/12\/01-Boton-Motogo.png 1080w, https:\/\/hashtagproducciones.com.ve\/web\/wp-content\/uploads\/2025\/12\/01-Boton-Motogo-300x300.png 300w, https:\/\/hashtagproducciones.com.ve\/web\/wp-content\/uploads\/2025\/12\/01-Boton-Motogo-1024x1024.png 1024w, https:\/\/hashtagproducciones.com.ve\/web\/wp-content\/uploads\/2025\/12\/01-Boton-Motogo-150x150.png 150w, https:\/\/hashtagproducciones.com.ve\/web\/wp-content\/uploads\/2025\/12\/01-Boton-Motogo-768x768.png 768w\" sizes=\"(max-width: 1080px) 100vw, 1080px\" title=\"Grupo MotoGO Navidad 2025\" alt=\"\" \t\tclass=\"so-widget-image\"\/>\n\t\t\t<\/a><\/div>\n\n<h3 class=\"widget-title\">\t\t<a href=\"https:\/\/www.facebook.com\/media\/set\/?set=a.1261165919365116&#038;type=3\"\n\t\t\ttarget=\"_blank\" rel=\"noopener noreferrer\" \t\t>\n\t\tGrupo MotoGO Navidad 2025<\/a><\/h3><\/div><\/div><\/div><\/div><\/div><\/div>","protected":false},"excerpt":{"rendered":"<p>Boda B\u00e1rbara &amp; C\u00e9sar Mis 15 Victoria Los XV de Valeria Ana\u00b4s 15 Emily 15 Mis XV A\u00f1os Jade Victoria Vive el Amor en Viva Los 15 a\u00f1os de Victoria 50 a\u00f1os Frayer Mis 15 a\u00f1os Samantha Birthday Party B\u00e1rbara Grupo MotoGO Navidad 2025<\/p>\n","protected":false},"author":1,"featured_media":0,"parent":0,"menu_order":0,"comment_status":"open","ping_status":"open","template":"","meta":{"inline_featured_image":false,"footnotes":""},"class_list":["post-78","page","type-page","status-publish","hentry"],"aioseo_notices":[],"_links":{"self":[{"href":"https:\/\/hashtagproducciones.com.ve\/web\/wp-json\/wp\/v2\/pages\/78","targetHints":{"allow":["GET"]}}],"collection":[{"href":"https:\/\/hashtagproducciones.com.ve\/web\/wp-json\/wp\/v2\/pages"}],"about":[{"href":"https:\/\/hashtagproducciones.com.ve\/web\/wp-json\/wp\/v2\/types\/page"}],"author":[{"embeddable":true,"href":"https:\/\/hashtagproducciones.com.ve\/web\/wp-json\/wp\/v2\/users\/1"}],"replies":[{"embeddable":true,"href":"https:\/\/hashtagproducciones.com.ve\/web\/wp-json\/wp\/v2\/comments?post=78"}],"version-history":[{"count":331,"href":"https:\/\/hashtagproducciones.com.ve\/web\/wp-json\/wp\/v2\/pages\/78\/revisions"}],"predecessor-version":[{"id":5272,"href":"https:\/\/hashtagproducciones.com.ve\/web\/wp-json\/wp\/v2\/pages\/78\/revisions\/5272"}],"wp:attachment":[{"href":"https:\/\/hashtagproducciones.com.ve\/web\/wp-json\/wp\/v2\/media?parent=78"}],"curies":[{"name":"wp","href":"https:\/\/api.w.org\/{rel}","templated":true}]}}